{"id":8,"date":"2023-10-28T14:45:54","date_gmt":"2023-10-28T12:45:54","guid":{"rendered":"https:\/\/yarnfox.de\/?page_id=8"},"modified":"2026-03-01T21:44:43","modified_gmt":"2026-03-01T20:44:43","slug":"home","status":"publish","type":"page","link":"https:\/\/yarnfox.de\/en\/","title":{"rendered":"Adult baby clothes"},"content":{"rendered":"<figure class=\"wp-block-image alignwide size-full\"><img loading=\"lazy\" decoding=\"async\" width=\"2304\" height=\"759\" src=\"https:\/\/yarnfox.de\/wp-content\/uploads\/PXL_20240217_152652918-schmal.jpg\" alt=\"Adult Baby Kleidung\" class=\"wp-image-1199\" srcset=\"https:\/\/yarnfox.de\/wp-content\/uploads\/PXL_20240217_152652918-schmal.jpg 2304w, https:\/\/yarnfox.de\/wp-content\/uploads\/PXL_20240217_152652918-schmal-300x99.jpg 300w, https:\/\/yarnfox.de\/wp-content\/uploads\/PXL_20240217_152652918-schmal-1024x337.jpg 1024w, https:\/\/yarnfox.de\/wp-content\/uploads\/PXL_20240217_152652918-schmal-768x253.jpg 768w, https:\/\/yarnfox.de\/wp-content\/uploads\/PXL_20240217_152652918-schmal-1536x506.jpg 1536w, https:\/\/yarnfox.de\/wp-content\/uploads\/PXL_20240217_152652918-schmal-2048x675.jpg 2048w, https:\/\/yarnfox.de\/wp-content\/uploads\/PXL_20240217_152652918-schmal-18x6.jpg 18w\" sizes=\"auto, (max-width: 2304px) 100vw, 2304px\" \/><\/figure>\n\n\n\n<div style=\"height:10px\" aria-hidden=\"true\" class=\"wp-block-spacer\"><\/div>\n\n\n\n<h2 class=\"wp-block-heading has-text-align-center has-x-large-font-size\">Handmade clothes for Adult Babys, Cubs and Kidfurs<\/h2>\n\n\n\n<div class=\"wp-block-columns is-layout-flex wp-container-core-columns-is-layout-28f84493 wp-block-columns-is-layout-flex\">\n<div class=\"wp-block-column is-layout-flow wp-block-column-is-layout-flow\"><\/div>\n\n\n\n<div class=\"wp-block-column is-layout-flow wp-block-column-is-layout-flow\">\n<figure class=\"wp-block-image size-large\"><a href=\"https:\/\/yarnfox.de\/en\/produkte\/yarnfox\/#einteiler\"><img loading=\"lazy\" decoding=\"async\" width=\"1024\" height=\"1024\" src=\"https:\/\/yarnfox.de\/wp-content\/uploads\/Strampler-Fuesse-cool-lion-blau-1024x1024.jpg\" alt=\"\" class=\"wp-image-533\" srcset=\"https:\/\/yarnfox.de\/wp-content\/uploads\/Strampler-Fuesse-cool-lion-blau-1024x1024.jpg 1024w, https:\/\/yarnfox.de\/wp-content\/uploads\/Strampler-Fuesse-cool-lion-blau-300x300.jpg 300w, https:\/\/yarnfox.de\/wp-content\/uploads\/Strampler-Fuesse-cool-lion-blau-150x150.jpg 150w, https:\/\/yarnfox.de\/wp-content\/uploads\/Strampler-Fuesse-cool-lion-blau-768x768.jpg 768w, https:\/\/yarnfox.de\/wp-content\/uploads\/Strampler-Fuesse-cool-lion-blau-1536x1536.jpg 1536w, https:\/\/yarnfox.de\/wp-content\/uploads\/Strampler-Fuesse-cool-lion-blau-2048x2048.jpg 2048w, https:\/\/yarnfox.de\/wp-content\/uploads\/Strampler-Fuesse-cool-lion-blau-12x12.jpg 12w\" sizes=\"auto, (max-width: 1024px) 100vw, 1024px\" \/><\/a><\/figure>\n\n\n\n<h2 class=\"wp-block-heading has-text-align-center\"><a href=\"https:\/\/yarnfox.de\/en\/produkte\/yarnfox\/#einteiler\">Sleeper<\/a><\/h2>\n\n\n\n<div style=\"height:50px\" aria-hidden=\"true\" class=\"wp-block-spacer\"><\/div>\n<\/div>\n\n\n\n<div class=\"wp-block-column is-layout-flow wp-block-column-is-layout-flow\">\n<figure class=\"wp-block-image size-large\"><a href=\"https:\/\/yarnfox.de\/en\/produkte\/yarnfox\/#t-shirt-bodys\"><img loading=\"lazy\" decoding=\"async\" width=\"1024\" height=\"1024\" src=\"https:\/\/yarnfox.de\/wp-content\/uploads\/kleiner-hase-minze-1024x1024.jpg\" alt=\"\" class=\"wp-image-572\" srcset=\"https:\/\/yarnfox.de\/wp-content\/uploads\/kleiner-hase-minze-1024x1024.jpg 1024w, https:\/\/yarnfox.de\/wp-content\/uploads\/kleiner-hase-minze-300x300.jpg 300w, https:\/\/yarnfox.de\/wp-content\/uploads\/kleiner-hase-minze-150x150.jpg 150w, https:\/\/yarnfox.de\/wp-content\/uploads\/kleiner-hase-minze-768x768.jpg 768w, https:\/\/yarnfox.de\/wp-content\/uploads\/kleiner-hase-minze-1536x1536.jpg 1536w, https:\/\/yarnfox.de\/wp-content\/uploads\/kleiner-hase-minze-2048x2048.jpg 2048w, https:\/\/yarnfox.de\/wp-content\/uploads\/kleiner-hase-minze-12x12.jpg 12w\" sizes=\"auto, (max-width: 1024px) 100vw, 1024px\" \/><\/a><\/figure>\n\n\n\n<h2 class=\"wp-block-heading has-text-align-center\"><a href=\"https:\/\/yarnfox.de\/en\/produkte\/yarnfox\/#t-shirt-bodys\">Onesies short sleeves<\/a><\/h2>\n\n\n\n<div style=\"height:50px\" aria-hidden=\"true\" class=\"wp-block-spacer\"><\/div>\n<\/div>\n\n\n\n<div class=\"wp-block-column is-layout-flow wp-block-column-is-layout-flow\">\n<figure class=\"wp-block-image size-large\"><a href=\"https:\/\/yarnfox.de\/en\/produkte\/yarnfox\/#langarm-bodys\"><img loading=\"lazy\" decoding=\"async\" width=\"1024\" height=\"1024\" src=\"https:\/\/yarnfox.de\/wp-content\/uploads\/my-little-pony-rosa-1024x1024.jpg\" alt=\"\" class=\"wp-image-574\" srcset=\"https:\/\/yarnfox.de\/wp-content\/uploads\/my-little-pony-rosa-1024x1024.jpg 1024w, https:\/\/yarnfox.de\/wp-content\/uploads\/my-little-pony-rosa-300x300.jpg 300w, https:\/\/yarnfox.de\/wp-content\/uploads\/my-little-pony-rosa-150x150.jpg 150w, https:\/\/yarnfox.de\/wp-content\/uploads\/my-little-pony-rosa-768x768.jpg 768w, https:\/\/yarnfox.de\/wp-content\/uploads\/my-little-pony-rosa-1536x1536.jpg 1536w, https:\/\/yarnfox.de\/wp-content\/uploads\/my-little-pony-rosa-2048x2048.jpg 2048w, https:\/\/yarnfox.de\/wp-content\/uploads\/my-little-pony-rosa-12x12.jpg 12w\" sizes=\"auto, (max-width: 1024px) 100vw, 1024px\" \/><\/a><\/figure>\n\n\n\n<h2 class=\"wp-block-heading has-text-align-center\"><a href=\"https:\/\/yarnfox.de\/en\/produkte\/yarnfox\/#langarm-bodys\">Onesies long sleeve<\/a><\/h2>\n\n\n\n<div style=\"height:50px\" aria-hidden=\"true\" class=\"wp-block-spacer\"><\/div>\n<\/div>\n\n\n\n<div class=\"wp-block-column is-layout-flow wp-block-column-is-layout-flow\">\n<figure class=\"wp-block-image size-large\"><a href=\"https:\/\/yarnfox.de\/en\/produkte\/yarnfox\/#schlafanzuege\"><img loading=\"lazy\" decoding=\"async\" width=\"1024\" height=\"1024\" src=\"https:\/\/yarnfox.de\/wp-content\/uploads\/cool-lion-gruen-quadrat2-1024x1024.jpg\" alt=\"\" class=\"wp-image-489\" srcset=\"https:\/\/yarnfox.de\/wp-content\/uploads\/cool-lion-gruen-quadrat2-1024x1024.jpg 1024w, https:\/\/yarnfox.de\/wp-content\/uploads\/cool-lion-gruen-quadrat2-300x300.jpg 300w, https:\/\/yarnfox.de\/wp-content\/uploads\/cool-lion-gruen-quadrat2-150x150.jpg 150w, https:\/\/yarnfox.de\/wp-content\/uploads\/cool-lion-gruen-quadrat2-768x768.jpg 768w, https:\/\/yarnfox.de\/wp-content\/uploads\/cool-lion-gruen-quadrat2-1536x1536.jpg 1536w, https:\/\/yarnfox.de\/wp-content\/uploads\/cool-lion-gruen-quadrat2-2048x2048.jpg 2048w, https:\/\/yarnfox.de\/wp-content\/uploads\/cool-lion-gruen-quadrat2-12x12.jpg 12w\" sizes=\"auto, (max-width: 1024px) 100vw, 1024px\" \/><\/a><\/figure>\n\n\n\n<h2 class=\"wp-block-heading has-text-align-center\"><a href=\"https:\/\/yarnfox.de\/en\/produkte\/yarnfox\/#schlafanzuege\">Pajamas<\/a><\/h2>\n\n\n\n<div style=\"height:50px\" aria-hidden=\"true\" class=\"wp-block-spacer\"><\/div>\n<\/div>\n\n\n\n<div class=\"wp-block-column is-layout-flow wp-block-column-is-layout-flow\"><\/div>\n<\/div>\n\n\n\n<div class=\"wp-block-columns is-layout-flex wp-container-core-columns-is-layout-28f84493 wp-block-columns-is-layout-flex\">\n<div class=\"wp-block-column is-layout-flow wp-block-column-is-layout-flow\"><\/div>\n\n\n\n<div class=\"wp-block-column is-layout-flow wp-block-column-is-layout-flow\">\n<figure class=\"wp-block-image size-large\"><a href=\"https:\/\/yarnfox.de\/en\/produkte\/yarnfox\/#hoodies\"><img loading=\"lazy\" decoding=\"async\" width=\"1024\" height=\"1024\" src=\"https:\/\/yarnfox.de\/wp-content\/uploads\/Hoodie-Astronaut-Baer-blau-1024x1024.png\" alt=\"\" class=\"wp-image-672\" srcset=\"https:\/\/yarnfox.de\/wp-content\/uploads\/Hoodie-Astronaut-Baer-blau-1024x1024.png 1024w, https:\/\/yarnfox.de\/wp-content\/uploads\/Hoodie-Astronaut-Baer-blau-300x300.png 300w, https:\/\/yarnfox.de\/wp-content\/uploads\/Hoodie-Astronaut-Baer-blau-150x150.png 150w, https:\/\/yarnfox.de\/wp-content\/uploads\/Hoodie-Astronaut-Baer-blau-768x768.png 768w, https:\/\/yarnfox.de\/wp-content\/uploads\/Hoodie-Astronaut-Baer-blau-1536x1536.png 1536w, https:\/\/yarnfox.de\/wp-content\/uploads\/Hoodie-Astronaut-Baer-blau-2048x2048.png 2048w, https:\/\/yarnfox.de\/wp-content\/uploads\/Hoodie-Astronaut-Baer-blau-12x12.png 12w\" sizes=\"auto, (max-width: 1024px) 100vw, 1024px\" \/><\/a><\/figure>\n\n\n\n<h2 class=\"wp-block-heading has-text-align-center\"><a href=\"https:\/\/yarnfox.de\/en\/produkte\/yarnfox\/#hoodies\">Hoodies<\/a><\/h2>\n\n\n\n<div style=\"height:50px\" aria-hidden=\"true\" class=\"wp-block-spacer\"><\/div>\n<\/div>\n\n\n\n<div class=\"wp-block-column is-layout-flow wp-block-column-is-layout-flow\">\n<figure class=\"wp-block-image size-large\"><a href=\"https:\/\/yarnfox.de\/en\/produkte\/yarnfox\/#laetzchen\"><img loading=\"lazy\" decoding=\"async\" width=\"1024\" height=\"1024\" src=\"https:\/\/yarnfox.de\/wp-content\/uploads\/square-image-1-1024x1024.jpg\" alt=\"\" class=\"wp-image-1588\" srcset=\"https:\/\/yarnfox.de\/wp-content\/uploads\/square-image-1-1024x1024.jpg 1024w, https:\/\/yarnfox.de\/wp-content\/uploads\/square-image-1-300x300.jpg 300w, https:\/\/yarnfox.de\/wp-content\/uploads\/square-image-1-150x150.jpg 150w, https:\/\/yarnfox.de\/wp-content\/uploads\/square-image-1-768x768.jpg 768w, https:\/\/yarnfox.de\/wp-content\/uploads\/square-image-1-1536x1536.jpg 1536w, https:\/\/yarnfox.de\/wp-content\/uploads\/square-image-1-2048x2048.jpg 2048w, https:\/\/yarnfox.de\/wp-content\/uploads\/square-image-1-12x12.jpg 12w\" sizes=\"auto, (max-width: 1024px) 100vw, 1024px\" \/><\/a><\/figure>\n\n\n\n<h2 class=\"wp-block-heading has-text-align-center\"><a href=\"https:\/\/yarnfox.de\/en\/produkte\/yarnfox\/#laetzchen\">Bibs<\/a><\/h2>\n\n\n\n<div style=\"height:50px\" aria-hidden=\"true\" class=\"wp-block-spacer\"><\/div>\n<\/div>\n\n\n\n<div class=\"wp-block-column is-layout-flow wp-block-column-is-layout-flow\">\n<figure class=\"wp-block-image size-large\"><a href=\"https:\/\/yarnfox.de\/en\/produkte\/yarnfox\/#halstuecher\"><img loading=\"lazy\" decoding=\"async\" width=\"1024\" height=\"1024\" src=\"https:\/\/yarnfox.de\/wp-content\/uploads\/Halstuch-Cool-lion-blau-1024x1024.jpg\" alt=\"\" class=\"wp-image-696\" srcset=\"https:\/\/yarnfox.de\/wp-content\/uploads\/Halstuch-Cool-lion-blau-1024x1024.jpg 1024w, https:\/\/yarnfox.de\/wp-content\/uploads\/Halstuch-Cool-lion-blau-300x300.jpg 300w, https:\/\/yarnfox.de\/wp-content\/uploads\/Halstuch-Cool-lion-blau-150x150.jpg 150w, https:\/\/yarnfox.de\/wp-content\/uploads\/Halstuch-Cool-lion-blau-768x768.jpg 768w, https:\/\/yarnfox.de\/wp-content\/uploads\/Halstuch-Cool-lion-blau-1536x1536.jpg 1536w, https:\/\/yarnfox.de\/wp-content\/uploads\/Halstuch-Cool-lion-blau-2048x2048.jpg 2048w, https:\/\/yarnfox.de\/wp-content\/uploads\/Halstuch-Cool-lion-blau-12x12.jpg 12w\" sizes=\"auto, (max-width: 1024px) 100vw, 1024px\" \/><\/a><\/figure>\n\n\n\n<h2 class=\"wp-block-heading has-text-align-center\"><a href=\"https:\/\/yarnfox.de\/en\/produkte\/yarnfox\/#halstuecher\">Bandanas<\/a><\/h2>\n\n\n\n<div style=\"height:50px\" aria-hidden=\"true\" class=\"wp-block-spacer\"><\/div>\n<\/div>\n\n\n\n<div class=\"wp-block-column is-layout-flow wp-block-column-is-layout-flow\">\n<figure class=\"wp-block-image size-large\"><a href=\"https:\/\/yarnfox.de\/en\/produkte\/yarnfox\/#mitts\"><img loading=\"lazy\" decoding=\"async\" width=\"1024\" height=\"1024\" src=\"https:\/\/yarnfox.de\/wp-content\/uploads\/square-image-1024x1024.jpg\" alt=\"\" class=\"wp-image-1587\" srcset=\"https:\/\/yarnfox.de\/wp-content\/uploads\/square-image-1024x1024.jpg 1024w, https:\/\/yarnfox.de\/wp-content\/uploads\/square-image-300x300.jpg 300w, https:\/\/yarnfox.de\/wp-content\/uploads\/square-image-150x150.jpg 150w, https:\/\/yarnfox.de\/wp-content\/uploads\/square-image-768x768.jpg 768w, https:\/\/yarnfox.de\/wp-content\/uploads\/square-image-1536x1536.jpg 1536w, https:\/\/yarnfox.de\/wp-content\/uploads\/square-image-2048x2048.jpg 2048w, https:\/\/yarnfox.de\/wp-content\/uploads\/square-image-12x12.jpg 12w\" sizes=\"auto, (max-width: 1024px) 100vw, 1024px\" \/><\/a><\/figure>\n\n\n\n<h2 class=\"wp-block-heading has-text-align-center\"><a href=\"https:\/\/yarnfox.de\/en\/produkte\/yarnfox\/#mitts\">Mitts \/ Booties<\/a><\/h2>\n\n\n\n<div style=\"height:50px\" aria-hidden=\"true\" class=\"wp-block-spacer\"><\/div>\n<\/div>\n\n\n\n<div class=\"wp-block-column is-layout-flow wp-block-column-is-layout-flow\"><\/div>\n<\/div>\n\n\n\n<div class=\"wp-block-columns is-layout-flex wp-container-core-columns-is-layout-28f84493 wp-block-columns-is-layout-flex\">\n<div class=\"wp-block-column is-layout-flow wp-block-column-is-layout-flow\"><\/div>\n\n\n\n<div class=\"wp-block-column is-layout-flow wp-block-column-is-layout-flow\">\n<div style=\"height:50px\" aria-hidden=\"true\" class=\"wp-block-spacer\"><\/div>\n<\/div>\n\n\n\n<div class=\"wp-block-column is-layout-flow wp-block-column-is-layout-flow\">\n<figure class=\"wp-block-image size-large\"><a href=\"https:\/\/yarnfox.de\/en\/produkte\/yarnfox\/#krabbeldecken\"><img loading=\"lazy\" decoding=\"async\" width=\"1024\" height=\"1024\" src=\"https:\/\/yarnfox.de\/wp-content\/uploads\/Krabbeldecke-Bluey-1024x1024.jpg\" alt=\"\" class=\"wp-image-817\" srcset=\"https:\/\/yarnfox.de\/wp-content\/uploads\/Krabbeldecke-Bluey-1024x1024.jpg 1024w, https:\/\/yarnfox.de\/wp-content\/uploads\/Krabbeldecke-Bluey-300x300.jpg 300w, https:\/\/yarnfox.de\/wp-content\/uploads\/Krabbeldecke-Bluey-150x150.jpg 150w, https:\/\/yarnfox.de\/wp-content\/uploads\/Krabbeldecke-Bluey-768x768.jpg 768w, https:\/\/yarnfox.de\/wp-content\/uploads\/Krabbeldecke-Bluey-1536x1536.jpg 1536w, https:\/\/yarnfox.de\/wp-content\/uploads\/Krabbeldecke-Bluey-2048x2048.jpg 2048w, https:\/\/yarnfox.de\/wp-content\/uploads\/Krabbeldecke-Bluey-12x12.jpg 12w\" sizes=\"auto, (max-width: 1024px) 100vw, 1024px\" \/><\/a><\/figure>\n\n\n\n<h2 class=\"wp-block-heading has-text-align-center\"><a href=\"https:\/\/yarnfox.de\/en\/2024\/04\/15\/bluey-spieldecke\/\">Playmats<\/a><\/h2>\n\n\n\n<div style=\"height:50px\" aria-hidden=\"true\" class=\"wp-block-spacer\"><\/div>\n<\/div>\n\n\n\n<div class=\"wp-block-column is-layout-flow wp-block-column-is-layout-flow\">\n<figure class=\"wp-block-image size-large\"><a href=\"https:\/\/yarnfox.de\/en\/produkte\/yarnfox\/#schlafsaecke\"><img loading=\"lazy\" decoding=\"async\" width=\"1024\" height=\"1024\" src=\"https:\/\/yarnfox.de\/wp-content\/uploads\/Schlafsack-Pooh-wenden-1024x1024.jpg\" alt=\"\" class=\"wp-image-813\" srcset=\"https:\/\/yarnfox.de\/wp-content\/uploads\/Schlafsack-Pooh-wenden-1024x1024.jpg 1024w, https:\/\/yarnfox.de\/wp-content\/uploads\/Schlafsack-Pooh-wenden-300x300.jpg 300w, https:\/\/yarnfox.de\/wp-content\/uploads\/Schlafsack-Pooh-wenden-150x150.jpg 150w, https:\/\/yarnfox.de\/wp-content\/uploads\/Schlafsack-Pooh-wenden-768x768.jpg 768w, https:\/\/yarnfox.de\/wp-content\/uploads\/Schlafsack-Pooh-wenden-1536x1536.jpg 1536w, https:\/\/yarnfox.de\/wp-content\/uploads\/Schlafsack-Pooh-wenden-2048x2048.jpg 2048w, https:\/\/yarnfox.de\/wp-content\/uploads\/Schlafsack-Pooh-wenden-12x12.jpg 12w\" sizes=\"auto, (max-width: 1024px) 100vw, 1024px\" \/><\/a><\/figure>\n\n\n\n<h2 class=\"wp-block-heading has-text-align-center\"><a href=\"https:\/\/yarnfox.de\/en\/produkte\/yarnfox\/#schlafsaecke\">Sleeping bags<\/a><\/h2>\n\n\n\n<div style=\"height:50px\" aria-hidden=\"true\" class=\"wp-block-spacer\"><\/div>\n<\/div>\n\n\n\n<div class=\"wp-block-column is-layout-flow wp-block-column-is-layout-flow\">\n<div style=\"height:50px\" aria-hidden=\"true\" class=\"wp-block-spacer\"><\/div>\n<\/div>\n\n\n\n<div class=\"wp-block-column is-layout-flow wp-block-column-is-layout-flow\"><\/div>\n<\/div>\n\n\n\n<hr class=\"wp-block-separator has-alpha-channel-opacity is-style-wide\"\/>\n\n\n\n<h2 class=\"wp-block-heading has-text-align-center has-x-large-font-size\">Acces\u00adsoires f\u00fcr Pl\u00fcschtiere<\/h2>\n\n\n\n<div class=\"wp-block-columns is-layout-flex wp-container-core-columns-is-layout-28f84493 wp-block-columns-is-layout-flex\">\n<div class=\"wp-block-column is-layout-flow wp-block-column-is-layout-flow\"><\/div>\n\n\n\n<div class=\"wp-block-column is-layout-flow wp-block-column-is-layout-flow\">\n<figure class=\"wp-block-image size-large\"><a href=\"https:\/\/yarnfox.de\/en\/produkte\/yarnfoxplush\/#halsbaender\"><img loading=\"lazy\" decoding=\"async\" width=\"1024\" height=\"1024\" src=\"https:\/\/yarnfox.de\/wp-content\/uploads\/Halsband-blau-quadrat-1024x1024.jpg\" alt=\"\" class=\"wp-image-700\" srcset=\"https:\/\/yarnfox.de\/wp-content\/uploads\/Halsband-blau-quadrat-1024x1024.jpg 1024w, https:\/\/yarnfox.de\/wp-content\/uploads\/Halsband-blau-quadrat-300x300.jpg 300w, https:\/\/yarnfox.de\/wp-content\/uploads\/Halsband-blau-quadrat-150x150.jpg 150w, https:\/\/yarnfox.de\/wp-content\/uploads\/Halsband-blau-quadrat-768x768.jpg 768w, https:\/\/yarnfox.de\/wp-content\/uploads\/Halsband-blau-quadrat-1536x1536.jpg 1536w, https:\/\/yarnfox.de\/wp-content\/uploads\/Halsband-blau-quadrat-2048x2048.jpg 2048w, https:\/\/yarnfox.de\/wp-content\/uploads\/Halsband-blau-quadrat-12x12.jpg 12w\" sizes=\"auto, (max-width: 1024px) 100vw, 1024px\" \/><\/a><\/figure>\n\n\n\n<h2 class=\"wp-block-heading has-text-align-center\"><a href=\"https:\/\/yarnfox.de\/en\/produkte\/yarnfoxplush\/#halsbaender\">Hals\u00adb\u00e4nder<\/a><\/h2>\n\n\n\n<div style=\"height:50px\" aria-hidden=\"true\" class=\"wp-block-spacer\"><\/div>\n<\/div>\n\n\n\n<div class=\"wp-block-column is-layout-flow wp-block-column-is-layout-flow\">\n<figure class=\"wp-block-image size-large\"><a href=\"https:\/\/yarnfox.de\/en\/produkte\/yarnfoxplush\/#geschirre\"><img loading=\"lazy\" decoding=\"async\" width=\"1024\" height=\"1024\" src=\"https:\/\/yarnfox.de\/wp-content\/uploads\/Image_Editor-2-1024x1024.jpg\" alt=\"\" class=\"wp-image-699\" srcset=\"https:\/\/yarnfox.de\/wp-content\/uploads\/Image_Editor-2-1024x1024.jpg 1024w, https:\/\/yarnfox.de\/wp-content\/uploads\/Image_Editor-2-300x300.jpg 300w, https:\/\/yarnfox.de\/wp-content\/uploads\/Image_Editor-2-150x150.jpg 150w, https:\/\/yarnfox.de\/wp-content\/uploads\/Image_Editor-2-768x768.jpg 768w, https:\/\/yarnfox.de\/wp-content\/uploads\/Image_Editor-2-1536x1536.jpg 1536w, https:\/\/yarnfox.de\/wp-content\/uploads\/Image_Editor-2-2048x2048.jpg 2048w, https:\/\/yarnfox.de\/wp-content\/uploads\/Image_Editor-2-12x12.jpg 12w\" sizes=\"auto, (max-width: 1024px) 100vw, 1024px\" \/><\/a><\/figure>\n\n\n\n<h2 class=\"wp-block-heading has-text-align-center\"><a href=\"https:\/\/yarnfox.de\/en\/produkte\/yarnfoxplush\/#geschirre\">Harnesses<\/a><\/h2>\n\n\n\n<div style=\"height:50px\" aria-hidden=\"true\" class=\"wp-block-spacer\"><\/div>\n<\/div>\n\n\n\n<div class=\"wp-block-column is-layout-flow wp-block-column-is-layout-flow\">\n<figure class=\"wp-block-image size-large\"><a href=\"https:\/\/yarnfox.de\/en\/produkte\/yarnfoxplush\/#accessoires\"><img loading=\"lazy\" decoding=\"async\" width=\"1024\" height=\"1024\" src=\"https:\/\/yarnfox.de\/wp-content\/uploads\/PXL_20221208_124733628square-1024x1024.jpg\" alt=\"\" class=\"wp-image-1361\" srcset=\"https:\/\/yarnfox.de\/wp-content\/uploads\/PXL_20221208_124733628square-1024x1024.jpg 1024w, https:\/\/yarnfox.de\/wp-content\/uploads\/PXL_20221208_124733628square-300x300.jpg 300w, https:\/\/yarnfox.de\/wp-content\/uploads\/PXL_20221208_124733628square-150x150.jpg 150w, https:\/\/yarnfox.de\/wp-content\/uploads\/PXL_20221208_124733628square-768x768.jpg 768w, https:\/\/yarnfox.de\/wp-content\/uploads\/PXL_20221208_124733628square-1536x1536.jpg 1536w, https:\/\/yarnfox.de\/wp-content\/uploads\/PXL_20221208_124733628square-2048x2048.jpg 2048w, https:\/\/yarnfox.de\/wp-content\/uploads\/PXL_20221208_124733628square-12x12.jpg 12w\" sizes=\"auto, (max-width: 1024px) 100vw, 1024px\" \/><\/a><\/figure>\n\n\n\n<h2 class=\"wp-block-heading has-text-align-center\"><a href=\"https:\/\/yarnfox.de\/en\/produkte\/yarnfoxplush\/#accessoires\">Accessoires<\/a><\/h2>\n\n\n\n<div style=\"height:50px\" aria-hidden=\"true\" class=\"wp-block-spacer\"><\/div>\n<\/div>\n\n\n\n<div class=\"wp-block-column is-layout-flow wp-block-column-is-layout-flow\"><\/div>\n<\/div>\n\n\n\n<hr class=\"wp-block-separator has-alpha-channel-opacity is-style-wide\"\/>\n\n\n\n<h2 class=\"wp-block-heading has-text-align-center has-x-large-font-size\">About YarnFox<\/h2>\n\n\n\n<div class=\"wp-block-columns is-layout-flex wp-container-core-columns-is-layout-28f84493 wp-block-columns-is-layout-flex\">\n<div class=\"wp-block-column is-layout-flow wp-block-column-is-layout-flow\"><\/div>\n\n\n\n<div class=\"wp-block-column is-layout-flow wp-block-column-is-layout-flow\">\n<figure class=\"wp-block-image size-large\"><a href=\"https:\/\/yarnfox.de\/en\/ueber-mich\/\"><img loading=\"lazy\" decoding=\"async\" width=\"1024\" height=\"1024\" src=\"https:\/\/yarnfox.de\/wp-content\/uploads\/YarnFox-quadrat-1024x1024.jpg\" alt=\"\" class=\"wp-image-704\" srcset=\"https:\/\/yarnfox.de\/wp-content\/uploads\/YarnFox-quadrat-1024x1024.jpg 1024w, https:\/\/yarnfox.de\/wp-content\/uploads\/YarnFox-quadrat-300x300.jpg 300w, https:\/\/yarnfox.de\/wp-content\/uploads\/YarnFox-quadrat-150x150.jpg 150w, https:\/\/yarnfox.de\/wp-content\/uploads\/YarnFox-quadrat-768x768.jpg 768w, https:\/\/yarnfox.de\/wp-content\/uploads\/YarnFox-quadrat-1536x1536.jpg 1536w, https:\/\/yarnfox.de\/wp-content\/uploads\/YarnFox-quadrat-12x12.jpg 12w, https:\/\/yarnfox.de\/wp-content\/uploads\/YarnFox-quadrat.jpg 2048w\" sizes=\"auto, (max-width: 1024px) 100vw, 1024px\" \/><\/a><\/figure>\n\n\n\n<h2 class=\"wp-block-heading has-text-align-center\"><a href=\"https:\/\/yarnfox.de\/en\/ueber-mich\/\">About me<\/a><\/h2>\n\n\n\n<div style=\"height:25px\" aria-hidden=\"true\" class=\"wp-block-spacer\"><\/div>\n\n\n\n<p>I am Tenarion, the 'fox behind YarnFox'.<br>Sewing is my passion. I love it to sew clothes and accessoires for adult babys. Every piece is handmade.<\/p>\n\n\n\n<h3 class=\"wp-block-heading\"><a href=\"https:\/\/yarnfox.de\/en\/ueber-mich\/\">Read more ...<\/a><\/h3>\n\n\n\n<div style=\"height:50px\" aria-hidden=\"true\" class=\"wp-block-spacer\"><\/div>\n<\/div>\n\n\n\n<div class=\"wp-block-column is-layout-flow wp-block-column-is-layout-flow\">\n<figure class=\"wp-block-image size-large\"><a href=\"https:\/\/yarnfox.de\/en\/commissions\/\"><img loading=\"lazy\" decoding=\"async\" width=\"1024\" height=\"1024\" src=\"https:\/\/yarnfox.de\/wp-content\/uploads\/Image_Editor-3-1024x1024.jpg\" alt=\"\" class=\"wp-image-702\" srcset=\"https:\/\/yarnfox.de\/wp-content\/uploads\/Image_Editor-3-1024x1024.jpg 1024w, https:\/\/yarnfox.de\/wp-content\/uploads\/Image_Editor-3-300x300.jpg 300w, https:\/\/yarnfox.de\/wp-content\/uploads\/Image_Editor-3-150x150.jpg 150w, https:\/\/yarnfox.de\/wp-content\/uploads\/Image_Editor-3-768x768.jpg 768w, https:\/\/yarnfox.de\/wp-content\/uploads\/Image_Editor-3-1536x1536.jpg 1536w, https:\/\/yarnfox.de\/wp-content\/uploads\/Image_Editor-3-2048x2048.jpg 2048w, https:\/\/yarnfox.de\/wp-content\/uploads\/Image_Editor-3-12x12.jpg 12w\" sizes=\"auto, (max-width: 1024px) 100vw, 1024px\" \/><\/a><\/figure>\n\n\n\n<h2 class=\"wp-block-heading has-text-align-center\"><a href=\"https:\/\/yarnfox.de\/en\/commissions\/\">Commissions<\/a><\/h2>\n\n\n\n<div style=\"height:25px\" aria-hidden=\"true\" class=\"wp-block-spacer\"><\/div>\n\n\n\n<p>You did not found what you are looking for? You have special wishes for a piece of cloth?<br>I am offering commissions.<\/p>\n\n\n\n<h3 class=\"wp-block-heading\"><a href=\"https:\/\/yarnfox.de\/en\/commissions\/\">Read more ...<\/a><\/h3>\n\n\n\n<div style=\"height:50px\" aria-hidden=\"true\" class=\"wp-block-spacer\"><\/div>\n<\/div>\n\n\n\n<div class=\"wp-block-column is-layout-flow wp-block-column-is-layout-flow\">\n<figure class=\"wp-block-image size-large\"><a href=\"https:\/\/yarnfox.de\/en\/veranstaltungen\/\"><img loading=\"lazy\" decoding=\"async\" width=\"1024\" height=\"1024\" src=\"https:\/\/yarnfox.de\/wp-content\/uploads\/Image_Editor-2-1024x1024.png\" alt=\"\" class=\"wp-image-701\" srcset=\"https:\/\/yarnfox.de\/wp-content\/uploads\/Image_Editor-2-1024x1024.png 1024w, https:\/\/yarnfox.de\/wp-content\/uploads\/Image_Editor-2-300x300.png 300w, https:\/\/yarnfox.de\/wp-content\/uploads\/Image_Editor-2-150x150.png 150w, https:\/\/yarnfox.de\/wp-content\/uploads\/Image_Editor-2-768x768.png 768w, https:\/\/yarnfox.de\/wp-content\/uploads\/Image_Editor-2-12x12.png 12w, https:\/\/yarnfox.de\/wp-content\/uploads\/Image_Editor-2.png 1280w\" sizes=\"auto, (max-width: 1024px) 100vw, 1024px\" \/><\/a><\/figure>\n\n\n\n<h2 class=\"wp-block-heading has-text-align-center\"><a href=\"https:\/\/yarnfox.de\/en\/veranstaltungen\/\">Events<\/a><\/h2>\n\n\n\n<div style=\"height:25px\" aria-hidden=\"true\" class=\"wp-block-spacer\"><\/div>\n\n\n\n<p>I am offering my products at special events. Here you find a summary of all events and were to find me next.<\/p>\n\n\n\n<h3 class=\"wp-block-heading\"><a href=\"https:\/\/yarnfox.de\/en\/veranstaltungen\/\">Read more ...<\/a><\/h3>\n\n\n\n<div style=\"height:50px\" aria-hidden=\"true\" class=\"wp-block-spacer\"><\/div>\n<\/div>\n\n\n\n<div class=\"wp-block-column is-layout-flow wp-block-column-is-layout-flow\"><\/div>\n<\/div>","protected":false},"excerpt":{"rendered":"<p>Handgen\u00e4hte Kleidung f\u00fcr Adult Babys, Cubs und Kidfurs Ein\u00adteiler T-Shirt-Bodys Langarm-Bodys Schlaf\u00adanz\u00fcge Hoodies L\u00e4tzchen Hals\u00adt\u00fccher F\u00e4ustlinge \/ Booties Krabbel\u00addecken Schlaf\u00ads\u00e4cke Acces\u00adsoires f\u00fcr Pl\u00fcschtiere Hals\u00adb\u00e4nder Geschirre Accessoires \u00dcber YarnFox \u00dcber mich Ich bin Tenarion, der &#8222;Fuchs hinter YarnFox&#8220;.N\u00e4hen ist meine Leidenschaft. Ich liebe es Kleidung und Accessoires f\u00fcr Adult Babys zu n\u00e4hen. Jedes einzelne Teil entsteht [&hellip;]<\/p>\n","protected":false},"author":1,"featured_media":0,"parent":0,"menu_order":0,"comment_status":"closed","ping_status":"closed","template":"","meta":{"inline_featured_image":false,"ngg_post_thumbnail":0,"footnotes":""},"class_list":["post-8","page","type-page","status-publish","hentry"],"_links":{"self":[{"href":"https:\/\/yarnfox.de\/en\/wp-json\/wp\/v2\/pages\/8","targetHints":{"allow":["GET"]}}],"collection":[{"href":"https:\/\/yarnfox.de\/en\/wp-json\/wp\/v2\/pages"}],"about":[{"href":"https:\/\/yarnfox.de\/en\/wp-json\/wp\/v2\/types\/page"}],"author":[{"embeddable":true,"href":"https:\/\/yarnfox.de\/en\/wp-json\/wp\/v2\/users\/1"}],"replies":[{"embeddable":true,"href":"https:\/\/yarnfox.de\/en\/wp-json\/wp\/v2\/comments?post=8"}],"version-history":[{"count":52,"href":"https:\/\/yarnfox.de\/en\/wp-json\/wp\/v2\/pages\/8\/revisions"}],"predecessor-version":[{"id":1592,"href":"https:\/\/yarnfox.de\/en\/wp-json\/wp\/v2\/pages\/8\/revisions\/1592"}],"wp:attachment":[{"href":"https:\/\/yarnfox.de\/en\/wp-json\/wp\/v2\/media?parent=8"}],"curies":[{"name":"wp","href":"https:\/\/api.w.org\/{rel}","templated":true}]}}