{"id":142,"date":"2024-01-20T15:37:25","date_gmt":"2024-01-20T14:37:25","guid":{"rendered":"https:\/\/yarnfox.de\/?page_id=142"},"modified":"2024-04-29T16:51:02","modified_gmt":"2024-04-29T15:51:02","slug":"agb","status":"publish","type":"page","link":"https:\/\/yarnfox.de\/en\/agb\/","title":{"rendered":"Conditions"},"content":{"rendered":"<p>General terms and conditions of YarnFox Inh. Benedikt Terwort<\/p>\n<p style=\"font-weight: bold; padding-bottom: 10px;\">\u00a71 Validity towards entrepreneurs and definitions of terms<\/p>\n<p class=\"translation-block\">(1) The following general terms and conditions apply to all deliveries between us and a consumer<br>\nin the version valid at the time of the order.<\/p>\n<p class=\"translation-block\">A consumer is any natural person who concludes a legal transaction for purposes that are predominantly neither<br>\ncan be attributed to their commercial or independent professional activity (\u00a7 13 BGB).<\/p>\n<p style=\"font-weight: bold; padding-bottom: 10px;\">\u00a72 Conclusion of a contract, storage of the contract text<\/p>\n<p>(1) The following regulations regarding the conclusion of the contract apply to orders via our online shop https:\/\/yarnfox.de\/.<\/p>\n<p><b>(2) If the contract is concluded, the contract is concluded with<\/b><\/p>\n<div style=\"font-weight: bold; margin-left: 20px;\">YarnFox Inh. Benedikt Terwort<br \/>\nBenedikt Terwort<br \/>\nKolpingstr. 2B<br \/>\nD-49545 Tecklenburg<br \/>\n<b>Vat-ID: DE354064064<\/b> DE354064064<br \/>\nJurisdiction: District Court Tecklenburg<\/div>\n<p>.<\/p>\n<p class=\"translation-block\">(3) The presentation of the goods in our online shop does not constitute a legally binding contractual offer on our part,<br>\nbut are only non-binding invitations to the consumer to order goods. When ordering the desired goods, the consumer enters a for<br>\nmakes a binding offer to conclude a purchase contract.<\/p>\n<p class=\"translation-block\">The offer is accepted in writing or in text form or by sending the ordered goods within one week.<br>\nIf the deadline has expired without result, the offer is considered rejected.<\/p>\n<p class=\"translation-block\">(4) When an order is received in our online shop, the following regulations apply:<br>\nThe consumer submits a binding contractual offer by successfully completing the ordering procedure provided in our online shop.<\/p>\n<p>The order takes place in the following steps:<\/p>\n<div class=\"ml20\">\n<p>1) Order request via email or social media<\/p>\n<\/div>\n<p class=\"translation-block\">Before bindingly submitting the order, the consumer can click on the \u201cBack\u201d button in the Internet browser he is using\nIf you check your details, you can go back to the website where the customer's details are recorded and correct input errors or by closing the<br>\nCancel the ordering process using your internet browser.<br>\nWe confirm receipt of the order immediately by an automatically generated email (confirmation of receipt). This does not constitute acceptance of the offer.<br>\nThe offer is accepted in writing, in text form or by sending the ordered goods within one week.<\/p>\n<p class=\"translation-block\">(5) Storage of the contract text for orders via our online shop: We will send you the order data and our general terms and conditions via <br>\nEmail. You can view the terms and conditions at any time at https:\/\/yarnfox.de\/agb\/.<\/p>\n<p>For security reasons, your order information is no longer accessible via the Internet.<\/p>\n<p style=\"font-weight: bold; padding-bottom: 10px;\">\u00a73 Prices, shipping costs, payment, due date<\/p>\n<p>(1) The prices stated include statutory sales tax and other price components. In addition, there are any shipping costs.<\/p>\n<p>(2) The consumer has the option of paying by <br>\nPayment in advance<br \/>\nVorkasse,<\/p>\n<p>PayPal<\/p>\n<p>.<\/p>\n<p>(3) If the consumer has chosen to pay in advance, he undertakes to pay the purchase price immediately after conclusion of the contract.<\/p>\n<p style=\"font-weight: bold; padding-bottom: 10px;\">\u00a74 Delivery<\/p>\n<p class=\"translation-block\">(1) Unless we have clearly stated otherwise in the product description, all items we offer are ready for immediate dispatch.\nDelivery takes place within 5 working days at the latest.\nIn the case of payment in advance, the delivery period begins the day after\nPayment order to the bank responsible for the transfer and for all other payment methods to run on the day after the contract is concluded.\nIf the deadline falls on a Saturday, Sunday or public holiday at the delivery location, the deadline ends on the next working day.<\/p>\n<p class=\"translation-block\">(2) The risk of accidental loss and accidental deterioration of the\nEven in the case of a mail order purchase, the item sold only passes to the buyer when the item is handed over to the buyer.<\/p>\n<p style=\"font-weight: bold; padding-bottom: 10px;\">\u00a75 Retention of title<\/p>\n<p>We reserve ownership of the goods until the purchase price has been paid in full.<\/p>\n<p>&nbsp;<\/p>\n<p>****************************************************************************************************<\/p>\n<p style=\"font-weight: bold; padding-bottom: 10px;\">\u00a76 Right of withdrawal of the customer as a consumer:<\/p>\n<p><b><br \/>\nRight of Withdrawal<\/b><\/p>\n<p>Products that are manufactured on behalf of customers are excluded from the following right of withdrawal.<\/p>\n<p class=\"translation-block\">Consumers have a right of withdrawal in accordance with the following provisions, whereby a consumer is any natural person who concludes a legal transaction for the purposes of <br>\nwhich predominantly cannot be attributed to either their commercial or self-employed professional activity:<\/p>\n<p style=\"font-weight: bold; padding-bottom: 1px; text-align: center;\">Revocation<\/p>\n<p><b>Right of withdrawal<\/b><\/p>\n<p>You have the right to cancel this contract within fourteen days without giving any reasons.<\/p>\n<p class=\"translation-block\">The cancellation period is fourteen days from the day on which you or a third party named by you,\nwho is not the carrier has or has taken possession of the goods.<\/p>\n<p>In order to exercise your right of withdrawal, you must contact us<\/p>\n<div style=\"margin-left: 20px; margin-top: 5px; margin-bottom: 5px;\">YarnFox Inh. Benedikt Terwort<br \/>\nBenedikt Terwort<br \/>\nKolpingstr. 2B<br \/>\nD-49545 Tecklenburg<br \/>\nE-Mail info@yarnfox.de<\/div>\n<p class=\"translation-block\">by means of a clear statement (e.g. a letter sent by post, fax or email) about your decision,\nto revoke this contract. You can use the attached sample cancellation form, although this is not mandatory.<\/p>\n<p><b>Consequences of revocation<\/b><\/p>\n<p class=\"translation-block\">If you cancel this contract, we will have to pay you all payments received from you, including the\nDelivery costs (excluding any additional costs resulting from you choosing a method of delivery other than\nhave chosen the cheapest standard delivery offered by us), immediately and at the latest within fourteen days\nto be repaid from the day on which we received notification of your cancellation of this contract.\nFor this repayment we use the same payment method that you used in the original transaction,\nunless something else has been expressly agreed with you; under no circumstances will you be charged any fees as a result of this repayment.<\/p>\n<p class=\"translation-block\">We can refuse repayment until we have received the goods back or until you have provided proof that\nthat you have returned the goods, whichever is earlier.<\/p>\n<p class=\"translation-block\">You have the goods immediately and in any case no later than fourteen days from the day on which you inform us\nIf you wish to revoke this contract, send it back to us or hand it over. The deadline is met,\nif you send the goods before the fourteen day period has expired.<\/p>\n<p>You bear the direct costs of returning the goods.<\/p>\n<p><b>End of revocation<\/b><\/p>\n<p>****************************************************************************************************<\/p>\n<p>&nbsp;<\/p>\n<p style=\"font-weight: bold; padding-bottom: 10px;\">\u00a77 Cancellation form<\/p>\n<p style=\"text-align: center; font-weight: bold;\">Sample cancellation form<\/p>\n<p>(If you want to cancel the contract, please fill out this form and send it back.)<\/p>\n<div style=\"border: 1px solid #000000; padding: 10px;\" class=\"translation-block\">An :<br>\r\nYarnFox Inh. Benedikt Terwort<br>\r\nBenedikt Terwort<br>\r\nKolpingstr. 2B<br>\r\nD-49545 Tecklenburg<br>\r\nE-Mail info@yarnfox.de<\/div>\n<div style=\"border: 1px solid #000000; padding: 10px;\">Hiermit widerrufe(n) ich\/wir (*) den von mir\/uns (*) abgeschlossenen Vertrag \u00fcber den Kauf der folgenden Waren (*)\/die Erbringung der folgenden Dienstleistung (*)_____________________________________________________Bestellt am (*)\/erhalten am (*)<\/p>\n<p>__________________<\/p>\n<p>Name of the consumer(s)<\/p>\n<p>_____________________________________________________<\/p>\n<p>Address of the consumer(s)<\/p>\n<p>_____________________________________________________<\/p>\n<p>Signature of the consumer(s) (only for paper notification)<\/p>\n<p>__________________<\/p>\n<p>Date<\/p>\n<p>__________________<\/p>\n<\/div>\n<p>(*) Delete what is not applicable.<\/p>\n<p style=\"font-weight: bold; padding-bottom: 10px;\">\u00a78 Warranty<\/p>\n<p>The statutory warranty regulations apply.<\/p>\n<p style=\"font-weight: bold; padding-bottom: 10px;\">\u00a79 Contract language<\/p>\n<p>As contract language german will be available exclusively.<\/p>\n<p>Stand der AGB Apr.2024<\/p>\n<p><i><a href=\"http:\/\/www.agb.de\" target=\"_blank\" rel=\"noopener\">Gratis AGB<\/a> erstellt von agb.de<\/i><\/p>","protected":false},"excerpt":{"rendered":"<p>Allgemeine Gesch\u00e4ftsbedingungen der Firma YarnFox Inh. Benedikt Terwort \u00a71 Geltung gegen\u00fcber Unternehmern und Begriffsdefinitionen (1) Die nachfolgenden Allgemeinen Gesch\u00e4ftbedingungen gelten f\u00fcr alle Lieferungen zwischen uns und einem Verbraucher in ihrer zum Zeitpunkt der Bestellung g\u00fcltigen Fassung. Verbraucher ist jede nat\u00fcrliche Person, die ein Rechtsgesch\u00e4ft zu Zwecken abschlie\u00dft, die \u00fcberwiegend weder ihrer gewerblichen noch ihrer selbst\u00e4ndigen [&hellip;]<\/p>\n","protected":false},"author":1,"featured_media":0,"parent":0,"menu_order":0,"comment_status":"closed","ping_status":"closed","template":"","meta":{"inline_featured_image":false,"ngg_post_thumbnail":0,"footnotes":""},"class_list":["post-142","page","type-page","status-publish","hentry"],"_links":{"self":[{"href":"https:\/\/yarnfox.de\/en\/wp-json\/wp\/v2\/pages\/142","targetHints":{"allow":["GET"]}}],"collection":[{"href":"https:\/\/yarnfox.de\/en\/wp-json\/wp\/v2\/pages"}],"about":[{"href":"https:\/\/yarnfox.de\/en\/wp-json\/wp\/v2\/types\/page"}],"author":[{"embeddable":true,"href":"https:\/\/yarnfox.de\/en\/wp-json\/wp\/v2\/users\/1"}],"replies":[{"embeddable":true,"href":"https:\/\/yarnfox.de\/en\/wp-json\/wp\/v2\/comments?post=142"}],"version-history":[{"count":8,"href":"https:\/\/yarnfox.de\/en\/wp-json\/wp\/v2\/pages\/142\/revisions"}],"predecessor-version":[{"id":1188,"href":"https:\/\/yarnfox.de\/en\/wp-json\/wp\/v2\/pages\/142\/revisions\/1188"}],"wp:attachment":[{"href":"https:\/\/yarnfox.de\/en\/wp-json\/wp\/v2\/media?parent=142"}],"curies":[{"name":"wp","href":"https:\/\/api.w.org\/{rel}","templated":true}]}}