{"id":140,"date":"2024-01-20T15:33:55","date_gmt":"2024-01-20T14:33:55","guid":{"rendered":"https:\/\/yarnfox.de\/?page_id=140"},"modified":"2024-05-04T11:34:03","modified_gmt":"2024-05-04T10:34:03","slug":"kontakt","status":"publish","type":"page","link":"https:\/\/yarnfox.de\/en\/kontakt\/","title":{"rendered":"How to get in contact"},"content":{"rendered":"\n<div style=\"height:25px\" aria-hidden=\"true\" class=\"wp-block-spacer\"><\/div>\n\n\n\n<h2 class=\"wp-block-heading\">Allgemeiner Hinweis<\/h2>\n\n\n\n<p>In der Regel habe ich einige Produkte vorr\u00e4tig. Die meisten Artikel werden aber erst nach Auftragseingang extra f\u00fcr dich gen\u00e4ht.<br>Aktuell betr\u00e4gt die Zeit, bis ich mit der Arbeit an einem neuen Auftrag anfange, bis zu 3 Monate.<br>Eine \u00dcbersicht aller aktuellen Projekte und die Warteliste findest du <a href=\"https:\/\/trello.com\/b\/6eOsmHkk\/yarnfox\" target=\"_blank\" rel=\"noopener\">HIER<\/a>.<\/p>\n\n\n\n<div style=\"height:25px\" aria-hidden=\"true\" class=\"wp-block-spacer\"><\/div>\n\n\n\n<hr class=\"wp-block-separator has-alpha-channel-opacity is-style-wide\"\/>\n\n\n\n<div class=\"wp-block-columns is-layout-flex wp-container-core-columns-is-layout-28f84493 wp-block-columns-is-layout-flex\">\n<div class=\"wp-block-column is-layout-flow wp-block-column-is-layout-flow\" style=\"flex-basis:66.66%\">\n<h3 class=\"wp-block-heading\">Kontaktformular<\/h3>\n\n\n<style id=\"wpforms-css-vars-997-block-97eb7e23-9fe0-4f75-9f7c-a1cd061dc152\">\n\t\t\t\t#wpforms-997.wpforms-block-97eb7e23-9fe0-4f75-9f7c-a1cd061dc152 {\n\t\t\t\t--wpforms-label-color: #ffffff;\n--wpforms-label-sublabel-color: #ffffff;\n--wpforms-label-error-color: #ffffff;\n--wpforms-field-text-color: #000000;\n--wpforms-button-background-color: #F08700;\n--wpforms-button-text-color: #022E3E;\n--wpforms-field-size-input-height: 43px;\n--wpforms-field-size-input-spacing: 15px;\n--wpforms-field-size-font-size: 16px;\n--wpforms-field-size-line-height: 19px;\n--wpforms-field-size-padding-h: 14px;\n--wpforms-field-size-checkbox-size: 16px;\n--wpforms-field-size-sublabel-spacing: 5px;\n--wpforms-field-size-icon-size: 1;\n--wpforms-label-size-font-size: 16px;\n--wpforms-label-size-line-height: 19px;\n--wpforms-label-size-sublabel-font-size: 14px;\n--wpforms-label-size-sublabel-line-height: 17px;\n--wpforms-button-size-font-size: 17px;\n--wpforms-button-size-height: 41px;\n--wpforms-button-size-padding-h: 15px;\n--wpforms-button-size-margin-top: 10px;\n\t\t\t}\n\t\t\t<\/style><div class=\"wpforms-container wpforms-container-full wpforms-block wpforms-block-97eb7e23-9fe0-4f75-9f7c-a1cd061dc152 wpforms-render-modern\" id=\"wpforms-997\"><form id=\"wpforms-form-997\" class=\"wpforms-validate wpforms-form wpforms-ajax-form\" data-formid=\"997\" method=\"post\" enctype=\"multipart\/form-data\" action=\"\/en\/wp-json\/wp\/v2\/pages\/140\" data-token=\"4727632cc78774b988be53033e8d29d4\" data-token-time=\"1776766135\"><noscript class=\"wpforms-error-noscript\">Please enable JavaScript in your browser to complete this form.<\/noscript><div id=\"wpforms-error-noscript\" style=\"display: none;\">Please enable JavaScript in your browser to complete this form.<\/div><div class=\"wpforms-field-container\"><div id=\"wpforms-997-field_0-container\" class=\"wpforms-field wpforms-field-name\" data-field-id=\"0\"><fieldset><legend class=\"wpforms-field-label\">Name <span class=\"wpforms-required-label\" aria-hidden=\"true\">*<\/span><\/legend><div class=\"wpforms-field-row wpforms-field-medium\"><div class=\"wpforms-field-row-block wpforms-first wpforms-one-half\"><input type=\"text\" id=\"wpforms-997-field_0\" class=\"wpforms-field-name-first wpforms-field-required\" name=\"wpforms[fields][0][first]\" aria-errormessage=\"wpforms-997-field_0-error\" required><label for=\"wpforms-997-field_0\" class=\"wpforms-field-sublabel after\">First<\/label><\/div><div class=\"wpforms-field-row-block wpforms-one-half\"><input type=\"text\" id=\"wpforms-997-field_0-last\" class=\"wpforms-field-name-last wpforms-field-required\" name=\"wpforms[fields][0][last]\" aria-errormessage=\"wpforms-997-field_0-last-error\" required><label for=\"wpforms-997-field_0-last\" class=\"wpforms-field-sublabel after\">Last<\/label><\/div><\/div><\/fieldset><\/div><div id=\"wpforms-997-field_4-container\" class=\"wpforms-field wpforms-field-text\" data-field-id=\"4\"><label class=\"wpforms-field-label\" for=\"wpforms-997-field_4\">Land <span class=\"wpforms-required-label\" aria-hidden=\"true\">*<\/span><\/label><input type=\"text\" id=\"wpforms-997-field_4\" class=\"wpforms-field-medium wpforms-field-required\" name=\"wpforms[fields][4]\" aria-errormessage=\"wpforms-997-field_4-error\" required><\/div><div id=\"wpforms-997-field_1-container\" class=\"wpforms-field wpforms-field-email\" data-field-id=\"1\"><label class=\"wpforms-field-label\" for=\"wpforms-997-field_1\">E-Mail-Adresse <span class=\"wpforms-required-label\" aria-hidden=\"true\">*<\/span><\/label><input type=\"email\" id=\"wpforms-997-field_1\" class=\"wpforms-field-medium wpforms-field-required\" name=\"wpforms[fields][1]\" spellcheck=\"false\" aria-errormessage=\"wpforms-997-field_1-error\" required><\/div><div id=\"wpforms-997-field_3-container\" class=\"wpforms-field wpforms-field-select wpforms-field-select-style-modern\" data-field-id=\"3\"><label class=\"wpforms-field-label\" for=\"wpforms-997-field_3\">Produktkategorie (optional)<\/label><select id=\"wpforms-997-field_3\" class=\"wpforms-field-medium choicesjs-select\" data-size-class=\"wpforms-field-row wpforms-field-medium\" data-search-enabled=\"1\" name=\"wpforms[fields][3]\"><option value=\"\" class=\"placeholder\" disabled  selected='selected'><\/option><option value=\"- Bitte w\u00e4hlen -\"  class=\"choice-13 depth-1\"  >&#8211; Bitte w\u00e4hlen &#8211;<\/option><option value=\"Anfrage Commission\"  class=\"choice-1 depth-1\"  >Anfrage Commission<\/option><option value=\"Einteiler\"  class=\"choice-2 depth-1\"  >Einteiler<\/option><option value=\"Halstuch\"  class=\"choice-3 depth-1\"  >Halstuch<\/option><option value=\"Hoodie\"  class=\"choice-4 depth-1\"  >Hoodie<\/option><option value=\"Krabbeldecke\"  class=\"choice-5 depth-1\"  >Krabbeldecke<\/option><option value=\"Langarm-Body\"  class=\"choice-6 depth-1\"  >Langarm-Body<\/option><option value=\"Schlafanzug\"  class=\"choice-7 depth-1\"  >Schlafanzug<\/option><option value=\"Schlafsack\"  class=\"choice-8 depth-1\"  >Schlafsack<\/option><option value=\"T-Shirt-Body\"  class=\"choice-9 depth-1\"  >T-Shirt-Body<\/option><option value=\"Pl\u00fcschtier-Geschirr\"  class=\"choice-10 depth-1\"  >Pl\u00fcschtier-Geschirr<\/option><option value=\"Pl\u00fcschtier-Halsband\"  class=\"choice-11 depth-1\"  >Pl\u00fcschtier-Halsband<\/option><option value=\"Mehrere Produkte\"  class=\"choice-12 depth-1\"  >Mehrere Produkte<\/option><\/select><\/div><div id=\"wpforms-997-field_2-container\" class=\"wpforms-field wpforms-field-textarea\" data-field-id=\"2\"><label class=\"wpforms-field-label\" for=\"wpforms-997-field_2\">Kommentar oder Nachricht<\/label><textarea id=\"wpforms-997-field_2\" class=\"wpforms-field-medium\" name=\"wpforms[fields][2]\" aria-errormessage=\"wpforms-997-field_2-error\" ><\/textarea><\/div><div id=\"wpforms-997-field_7-container\" class=\"wpforms-field wpforms-field-checkbox\" data-field-id=\"7\"><fieldset><legend class=\"wpforms-field-label\">Durch Deine Zustimmung akzeptierst Du eine Anzahlung zu leisten, bevor nicht vorr\u00e4tige Materialien bestellt werden und bevor Arbeiten an der Commission beginnen. Du stimmst einer zweiten Zahlung mit dem verbliebenen Rechnungsbetrag inklusive den genauen Versandkosten zu, sobald die Commission fertig und bereit f\u00fcr den Versand ist. Die tats\u00e4chlichen Versandkosten werden nach dem Packen des Pakets ermittelt. Alle Commissions werden im Kundenauftrag gefertigt. F\u00fcr Auftragsarbeiten gibt es keine Erstattung und R\u00fccksendung, es sei denn es handelt sich um einen technischen Defekt an der Ware. <span class=\"wpforms-required-label\" aria-hidden=\"true\">*<\/span><\/legend><ul id=\"wpforms-997-field_7\" class=\"wpforms-field-required\"><li class=\"choice-1 depth-1\"><input type=\"checkbox\" id=\"wpforms-997-field_7_1\" name=\"wpforms[fields][7][]\" value=\"Ich stimme zu\" aria-errormessage=\"wpforms-997-field_7_1-error\" required ><label class=\"wpforms-field-label-inline\" for=\"wpforms-997-field_7_1\">Ich stimme zu<\/label><\/li><\/ul><\/fieldset><\/div><div id=\"wpforms-997-field_8-container\" class=\"wpforms-field wpforms-field-checkbox\" data-field-id=\"8\"><fieldset><legend class=\"wpforms-field-label\">AGB <span class=\"wpforms-required-label\" aria-hidden=\"true\">*<\/span><\/legend><ul id=\"wpforms-997-field_8\" class=\"wpforms-field-required\"><li class=\"choice-1 depth-1\"><input type=\"checkbox\" id=\"wpforms-997-field_8_1\" name=\"wpforms[fields][8][]\" value=\"Ich stimme den AGBs zu\" aria-errormessage=\"wpforms-997-field_8_1-error\" required ><label class=\"wpforms-field-label-inline\" for=\"wpforms-997-field_8_1\">Ich stimme den AGBs zu<\/label><\/li><\/ul><\/fieldset><\/div><\/div><!-- .wpforms-field-container --><div class=\"wpforms-recaptcha-container wpforms-is-recaptcha wpforms-is-recaptcha-type-v2\" ><div class=\"g-recaptcha\" data-sitekey=\"6Lf-isopAAAAAGAsMlo37-2MPJsiAcV4Ix0UOdww\"><\/div><input type=\"text\" name=\"g-recaptcha-hidden\" class=\"wpforms-recaptcha-hidden\" style=\"position:absolute!important;clip:rect(0,0,0,0)!important;height:1px!important;width:1px!important;border:0!important;overflow:hidden!important;padding:0!important;margin:0!important;\" data-rule-recaptcha=\"1\"><\/div><div class=\"wpforms-submit-container\" ><input type=\"hidden\" name=\"wpforms[id]\" value=\"997\"><input type=\"hidden\" name=\"page_title\" value=\"\"><input type=\"hidden\" name=\"page_url\" value=\"https:\/\/yarnfox.de\/en\/wp-json\/wp\/v2\/pages\/140\"><input type=\"hidden\" name=\"url_referer\" value=\"\"><button type=\"submit\" name=\"wpforms[submit]\" id=\"wpforms-submit-997\" class=\"wpforms-submit\" data-alt-text=\"Wird gesendet\u00a0\u2026\" data-submit-text=\"Absenden\" aria-live=\"assertive\" value=\"wpforms-submit\">Absenden<\/button><img loading=\"lazy\" decoding=\"async\" src=\"https:\/\/yarnfox.de\/wp-content\/plugins\/wpforms-lite\/assets\/images\/submit-spin.svg\" class=\"wpforms-submit-spinner\" style=\"display: none;\" width=\"26\" height=\"26\" alt=\"Loading\"><\/div><\/form><\/div>  <!-- .wpforms-container --><\/div>\n\n\n\n<div class=\"wp-block-column is-layout-flow wp-block-column-is-layout-flow\"><\/div>\n\n\n\n<div class=\"wp-block-column is-layout-flow wp-block-column-is-layout-flow\" style=\"flex-basis:33.33%\">\n<h3 class=\"wp-block-heading\">Kontakt<\/h3>\n\n\n\n<ul class=\"wp-block-list\">\n<li><strong>E-Mail:<\/strong> <img loading=\"lazy\" decoding=\"async\" width=\"150\" height=\"150\" class=\"wp-image-402 dsgvo_mail\" style=\"width: 150px;\" src=\"https:\/\/yarnfox.de\/wp-content\/uploads\/mail_orange.svg\" alt=\"\"><\/li>\n\n\n\n<li><strong>Twitter:<\/strong> <a href=\"https:\/\/twitter.com\/TheYarnFox\" target=\"_blank\" rel=\"noopener\">@TheYarnFox<\/a> | <a href=\"https:\/\/twitter.com\/YarnFoxPlush\" target=\"_blank\" rel=\"noopener\">@YarnFoxPlush<\/a><\/li>\n\n\n\n<li><strong>Telegram:<\/strong> <a href=\"https:\/\/t.me\/Tenarion\">@Tenarion<\/a><\/li>\n<\/ul>\n<\/div>\n<\/div>\n","protected":false},"excerpt":{"rendered":"<p>Allgemeiner Hinweis In der Regel habe ich einige Produkte vorr\u00e4tig. Die meisten Artikel werden aber erst nach Auftragseingang extra f\u00fcr dich gen\u00e4ht.Aktuell betr\u00e4gt die Zeit, bis ich mit der Arbeit an einem neuen Auftrag anfange, bis zu 3 Monate.Eine \u00dcbersicht aller aktuellen Projekte und die Warteliste findest du HIER. Kontaktformular Kontakt<\/p>","protected":false},"author":1,"featured_media":0,"parent":0,"menu_order":0,"comment_status":"closed","ping_status":"closed","template":"","meta":{"inline_featured_image":false,"ngg_post_thumbnail":0,"footnotes":""},"class_list":["post-140","page","type-page","status-publish","hentry"],"_links":{"self":[{"href":"https:\/\/yarnfox.de\/en\/wp-json\/wp\/v2\/pages\/140","targetHints":{"allow":["GET"]}}],"collection":[{"href":"https:\/\/yarnfox.de\/en\/wp-json\/wp\/v2\/pages"}],"about":[{"href":"https:\/\/yarnfox.de\/en\/wp-json\/wp\/v2\/types\/page"}],"author":[{"embeddable":true,"href":"https:\/\/yarnfox.de\/en\/wp-json\/wp\/v2\/users\/1"}],"replies":[{"embeddable":true,"href":"https:\/\/yarnfox.de\/en\/wp-json\/wp\/v2\/comments?post=140"}],"version-history":[{"count":32,"href":"https:\/\/yarnfox.de\/en\/wp-json\/wp\/v2\/pages\/140\/revisions"}],"predecessor-version":[{"id":1191,"href":"https:\/\/yarnfox.de\/en\/wp-json\/wp\/v2\/pages\/140\/revisions\/1191"}],"wp:attachment":[{"href":"https:\/\/yarnfox.de\/en\/wp-json\/wp\/v2\/media?parent=140"}],"curies":[{"name":"wp","href":"https:\/\/api.w.org\/{rel}","templated":true}]}}