{"id":137,"date":"2024-01-20T15:30:06","date_gmt":"2024-01-20T14:30:06","guid":{"rendered":"https:\/\/yarnfox.de\/?page_id=137"},"modified":"2024-05-13T08:11:57","modified_gmt":"2024-05-13T07:11:57","slug":"produkte","status":"publish","type":"page","link":"https:\/\/yarnfox.de\/en\/produkte\/","title":{"rendered":"Products"},"content":{"rendered":"<div style=\"height:25px\" aria-hidden=\"true\" class=\"wp-block-spacer\"><\/div>\n\n\n\n<h1 class=\"wp-block-heading has-text-align-center\"><strong>YarnFox : Handmade clothes for Adult Babys, Cubs and Kidfurs<\/strong><\/h1>\n\n\n\n<div class=\"wp-block-columns is-layout-flex wp-container-core-columns-is-layout-28f84493 wp-block-columns-is-layout-flex\">\n<div class=\"wp-block-column is-layout-flow wp-block-column-is-layout-flow\"><\/div>\n\n\n\n<div class=\"wp-block-column is-layout-flow wp-block-column-is-layout-flow\">\n<figure class=\"wp-block-image size-large is-resized\"><a href=\"https:\/\/yarnfox.de\/en\/produkte\/yarnfox\/#schlafanzuege\"><img loading=\"lazy\" decoding=\"async\" width=\"1024\" height=\"1024\" src=\"https:\/\/yarnfox.de\/wp-content\/uploads\/cool-lion-gruen-quadrat2-1024x1024.jpg\" alt=\"\" class=\"wp-image-489\" style=\"width:367px;height:auto\" srcset=\"https:\/\/yarnfox.de\/wp-content\/uploads\/cool-lion-gruen-quadrat2-1024x1024.jpg 1024w, https:\/\/yarnfox.de\/wp-content\/uploads\/cool-lion-gruen-quadrat2-300x300.jpg 300w, https:\/\/yarnfox.de\/wp-content\/uploads\/cool-lion-gruen-quadrat2-150x150.jpg 150w, https:\/\/yarnfox.de\/wp-content\/uploads\/cool-lion-gruen-quadrat2-768x768.jpg 768w, https:\/\/yarnfox.de\/wp-content\/uploads\/cool-lion-gruen-quadrat2-1536x1536.jpg 1536w, https:\/\/yarnfox.de\/wp-content\/uploads\/cool-lion-gruen-quadrat2-2048x2048.jpg 2048w, https:\/\/yarnfox.de\/wp-content\/uploads\/cool-lion-gruen-quadrat2-12x12.jpg 12w\" sizes=\"auto, (max-width: 1024px) 100vw, 1024px\" \/><\/a><\/figure>\n\n\n\n<h2 class=\"wp-block-heading has-text-align-center\"><a href=\"https:\/\/yarnfox.de\/en\/produkte\/yarnfox\/#schlafanzuege\">Pajamas<\/a><\/h2>\n<\/div>\n\n\n\n<div class=\"wp-block-column is-layout-flow wp-block-column-is-layout-flow\">\n<figure class=\"wp-block-image size-large\"><a href=\"https:\/\/yarnfox.de\/en\/produkte\/yarnfox\/#einteiler\"><img loading=\"lazy\" decoding=\"async\" width=\"1024\" height=\"1024\" src=\"https:\/\/yarnfox.de\/wp-content\/uploads\/Strampler-Fuesse-cool-lion-blau-1024x1024.jpg\" alt=\"\" class=\"wp-image-533\" srcset=\"https:\/\/yarnfox.de\/wp-content\/uploads\/Strampler-Fuesse-cool-lion-blau-1024x1024.jpg 1024w, https:\/\/yarnfox.de\/wp-content\/uploads\/Strampler-Fuesse-cool-lion-blau-300x300.jpg 300w, https:\/\/yarnfox.de\/wp-content\/uploads\/Strampler-Fuesse-cool-lion-blau-150x150.jpg 150w, https:\/\/yarnfox.de\/wp-content\/uploads\/Strampler-Fuesse-cool-lion-blau-768x768.jpg 768w, https:\/\/yarnfox.de\/wp-content\/uploads\/Strampler-Fuesse-cool-lion-blau-1536x1536.jpg 1536w, https:\/\/yarnfox.de\/wp-content\/uploads\/Strampler-Fuesse-cool-lion-blau-2048x2048.jpg 2048w, https:\/\/yarnfox.de\/wp-content\/uploads\/Strampler-Fuesse-cool-lion-blau-12x12.jpg 12w\" sizes=\"auto, (max-width: 1024px) 100vw, 1024px\" \/><\/a><\/figure>\n\n\n\n<h2 class=\"wp-block-heading has-text-align-center\"><a href=\"https:\/\/yarnfox.de\/en\/produkte\/yarnfox\/#einteiler\">Sleeper<\/a><\/h2>\n<\/div>\n\n\n\n<div class=\"wp-block-column is-layout-flow wp-block-column-is-layout-flow\">\n<figure class=\"wp-block-image size-large\"><a href=\"https:\/\/yarnfox.de\/en\/produkte\/yarnfox\/#t-shirt-bodys\"><img loading=\"lazy\" decoding=\"async\" width=\"1024\" height=\"1024\" src=\"https:\/\/yarnfox.de\/wp-content\/uploads\/kleiner-hase-minze-1024x1024.jpg\" alt=\"\" class=\"wp-image-572\" srcset=\"https:\/\/yarnfox.de\/wp-content\/uploads\/kleiner-hase-minze-1024x1024.jpg 1024w, https:\/\/yarnfox.de\/wp-content\/uploads\/kleiner-hase-minze-300x300.jpg 300w, https:\/\/yarnfox.de\/wp-content\/uploads\/kleiner-hase-minze-150x150.jpg 150w, https:\/\/yarnfox.de\/wp-content\/uploads\/kleiner-hase-minze-768x768.jpg 768w, https:\/\/yarnfox.de\/wp-content\/uploads\/kleiner-hase-minze-1536x1536.jpg 1536w, https:\/\/yarnfox.de\/wp-content\/uploads\/kleiner-hase-minze-2048x2048.jpg 2048w, https:\/\/yarnfox.de\/wp-content\/uploads\/kleiner-hase-minze-12x12.jpg 12w\" sizes=\"auto, (max-width: 1024px) 100vw, 1024px\" \/><\/a><\/figure>\n\n\n\n<h2 class=\"wp-block-heading has-text-align-center\"><a href=\"https:\/\/yarnfox.de\/en\/produkte\/yarnfox\/#t-shirt-bodys\">Onesies short sleeves<\/a><\/h2>\n<\/div>\n\n\n\n<div class=\"wp-block-column is-layout-flow wp-block-column-is-layout-flow\">\n<figure class=\"wp-block-image size-large\"><a href=\"https:\/\/yarnfox.de\/en\/produkte\/yarnfox\/#langarm-bodys\"><img loading=\"lazy\" decoding=\"async\" width=\"1024\" height=\"1024\" src=\"https:\/\/yarnfox.de\/wp-content\/uploads\/my-little-pony-rosa-1024x1024.jpg\" alt=\"\" class=\"wp-image-574\" srcset=\"https:\/\/yarnfox.de\/wp-content\/uploads\/my-little-pony-rosa-1024x1024.jpg 1024w, https:\/\/yarnfox.de\/wp-content\/uploads\/my-little-pony-rosa-300x300.jpg 300w, https:\/\/yarnfox.de\/wp-content\/uploads\/my-little-pony-rosa-150x150.jpg 150w, https:\/\/yarnfox.de\/wp-content\/uploads\/my-little-pony-rosa-768x768.jpg 768w, https:\/\/yarnfox.de\/wp-content\/uploads\/my-little-pony-rosa-1536x1536.jpg 1536w, https:\/\/yarnfox.de\/wp-content\/uploads\/my-little-pony-rosa-2048x2048.jpg 2048w, https:\/\/yarnfox.de\/wp-content\/uploads\/my-little-pony-rosa-12x12.jpg 12w\" sizes=\"auto, (max-width: 1024px) 100vw, 1024px\" \/><\/a><\/figure>\n\n\n\n<h2 class=\"wp-block-heading has-text-align-center\"><a href=\"https:\/\/yarnfox.de\/en\/produkte\/yarnfox\/#langarm-bodys\">Onesie long sleeve<\/a><\/h2>\n<\/div>\n\n\n\n<div class=\"wp-block-column is-layout-flow wp-block-column-is-layout-flow\"><\/div>\n<\/div>\n\n\n\n<div style=\"height:25px\" aria-hidden=\"true\" class=\"wp-block-spacer\"><\/div>\n\n\n\n<div class=\"wp-block-columns is-layout-flex wp-container-core-columns-is-layout-28f84493 wp-block-columns-is-layout-flex\">\n<div class=\"wp-block-column is-layout-flow wp-block-column-is-layout-flow\"><\/div>\n\n\n\n<div class=\"wp-block-column is-layout-flow wp-block-column-is-layout-flow\">\n<figure class=\"wp-block-image size-large\"><a href=\"https:\/\/yarnfox.de\/en\/produkte\/yarnfox\/#halstuecher\"><img loading=\"lazy\" decoding=\"async\" width=\"1024\" height=\"1024\" src=\"https:\/\/yarnfox.de\/wp-content\/uploads\/Halstuch-Cool-lion-blau-1024x1024.jpg\" alt=\"\" class=\"wp-image-696\" srcset=\"https:\/\/yarnfox.de\/wp-content\/uploads\/Halstuch-Cool-lion-blau-1024x1024.jpg 1024w, https:\/\/yarnfox.de\/wp-content\/uploads\/Halstuch-Cool-lion-blau-300x300.jpg 300w, https:\/\/yarnfox.de\/wp-content\/uploads\/Halstuch-Cool-lion-blau-150x150.jpg 150w, https:\/\/yarnfox.de\/wp-content\/uploads\/Halstuch-Cool-lion-blau-768x768.jpg 768w, https:\/\/yarnfox.de\/wp-content\/uploads\/Halstuch-Cool-lion-blau-1536x1536.jpg 1536w, https:\/\/yarnfox.de\/wp-content\/uploads\/Halstuch-Cool-lion-blau-2048x2048.jpg 2048w, https:\/\/yarnfox.de\/wp-content\/uploads\/Halstuch-Cool-lion-blau-12x12.jpg 12w\" sizes=\"auto, (max-width: 1024px) 100vw, 1024px\" \/><\/a><\/figure>\n\n\n\n<h2 class=\"wp-block-heading has-text-align-center\"><a href=\"https:\/\/yarnfox.de\/en\/produkte\/yarnfox\/#halstuecher\">Bandanas<\/a><\/h2>\n<\/div>\n\n\n\n<div class=\"wp-block-column is-layout-flow wp-block-column-is-layout-flow\">\n<figure class=\"wp-block-image size-large\"><a href=\"https:\/\/yarnfox.de\/en\/produkte\/yarnfox\/#hoodies\"><img loading=\"lazy\" decoding=\"async\" width=\"1024\" height=\"1024\" src=\"https:\/\/yarnfox.de\/wp-content\/uploads\/Hoodie-Astronaut-Baer-blau-1024x1024.png\" alt=\"\" class=\"wp-image-672\" srcset=\"https:\/\/yarnfox.de\/wp-content\/uploads\/Hoodie-Astronaut-Baer-blau-1024x1024.png 1024w, https:\/\/yarnfox.de\/wp-content\/uploads\/Hoodie-Astronaut-Baer-blau-300x300.png 300w, https:\/\/yarnfox.de\/wp-content\/uploads\/Hoodie-Astronaut-Baer-blau-150x150.png 150w, https:\/\/yarnfox.de\/wp-content\/uploads\/Hoodie-Astronaut-Baer-blau-768x768.png 768w, https:\/\/yarnfox.de\/wp-content\/uploads\/Hoodie-Astronaut-Baer-blau-1536x1536.png 1536w, https:\/\/yarnfox.de\/wp-content\/uploads\/Hoodie-Astronaut-Baer-blau-2048x2048.png 2048w, https:\/\/yarnfox.de\/wp-content\/uploads\/Hoodie-Astronaut-Baer-blau-12x12.png 12w\" sizes=\"auto, (max-width: 1024px) 100vw, 1024px\" \/><\/a><\/figure>\n\n\n\n<h2 class=\"wp-block-heading has-text-align-center\"><a href=\"https:\/\/yarnfox.de\/en\/produkte\/yarnfox\/#hoodies\">Hoodies<\/a><\/h2>\n<\/div>\n\n\n\n<div class=\"wp-block-column is-layout-flow wp-block-column-is-layout-flow\">\n<figure class=\"wp-block-image size-large\"><a href=\"https:\/\/yarnfox.de\/en\/produkte\/yarnfox\/#krabbeldecken\"><img loading=\"lazy\" decoding=\"async\" width=\"1024\" height=\"1024\" src=\"https:\/\/yarnfox.de\/wp-content\/uploads\/Krabbeldecke-Bluey-1024x1024.jpg\" alt=\"\" class=\"wp-image-817\" srcset=\"https:\/\/yarnfox.de\/wp-content\/uploads\/Krabbeldecke-Bluey-1024x1024.jpg 1024w, https:\/\/yarnfox.de\/wp-content\/uploads\/Krabbeldecke-Bluey-300x300.jpg 300w, https:\/\/yarnfox.de\/wp-content\/uploads\/Krabbeldecke-Bluey-150x150.jpg 150w, https:\/\/yarnfox.de\/wp-content\/uploads\/Krabbeldecke-Bluey-768x768.jpg 768w, https:\/\/yarnfox.de\/wp-content\/uploads\/Krabbeldecke-Bluey-1536x1536.jpg 1536w, https:\/\/yarnfox.de\/wp-content\/uploads\/Krabbeldecke-Bluey-2048x2048.jpg 2048w, https:\/\/yarnfox.de\/wp-content\/uploads\/Krabbeldecke-Bluey-12x12.jpg 12w\" sizes=\"auto, (max-width: 1024px) 100vw, 1024px\" \/><\/a><\/figure>\n\n\n\n<h2 class=\"wp-block-heading has-text-align-center\"><a href=\"https:\/\/yarnfox.de\/en\/produkte\/yarnfox\/#krabbeldecken\">Playmats<\/a><\/h2>\n<\/div>\n\n\n\n<div class=\"wp-block-column is-layout-flow wp-block-column-is-layout-flow\">\n<figure class=\"wp-block-image size-large\"><a href=\"https:\/\/yarnfox.de\/en\/produkte\/yarnfox\/#schlafsaecke\"><img loading=\"lazy\" decoding=\"async\" width=\"1024\" height=\"1024\" src=\"https:\/\/yarnfox.de\/wp-content\/uploads\/Schlafsack-Pooh-wenden-1024x1024.jpg\" alt=\"\" class=\"wp-image-813\" srcset=\"https:\/\/yarnfox.de\/wp-content\/uploads\/Schlafsack-Pooh-wenden-1024x1024.jpg 1024w, https:\/\/yarnfox.de\/wp-content\/uploads\/Schlafsack-Pooh-wenden-300x300.jpg 300w, https:\/\/yarnfox.de\/wp-content\/uploads\/Schlafsack-Pooh-wenden-150x150.jpg 150w, https:\/\/yarnfox.de\/wp-content\/uploads\/Schlafsack-Pooh-wenden-768x768.jpg 768w, https:\/\/yarnfox.de\/wp-content\/uploads\/Schlafsack-Pooh-wenden-1536x1536.jpg 1536w, https:\/\/yarnfox.de\/wp-content\/uploads\/Schlafsack-Pooh-wenden-2048x2048.jpg 2048w, https:\/\/yarnfox.de\/wp-content\/uploads\/Schlafsack-Pooh-wenden-12x12.jpg 12w\" sizes=\"auto, (max-width: 1024px) 100vw, 1024px\" \/><\/a><\/figure>\n\n\n\n<h2 class=\"wp-block-heading has-text-align-center\"><a href=\"https:\/\/yarnfox.de\/en\/produkte\/yarnfox\/#schlafsaecke\">Sleeping bags<\/a><\/h2>\n<\/div>\n\n\n\n<div class=\"wp-block-column is-layout-flow wp-block-column-is-layout-flow\"><\/div>\n<\/div>\n\n\n\n<div style=\"height:25px\" aria-hidden=\"true\" class=\"wp-block-spacer\"><\/div>\n\n\n\n<hr class=\"wp-block-separator has-alpha-channel-opacity is-style-wide\"\/>\n\n\n\n<h2 class=\"wp-block-heading has-text-align-center\">YarnFoxPlush : Accessoires for the Plushlife Wolf<\/h2>\n\n\n\n<div style=\"height:25px\" aria-hidden=\"true\" class=\"wp-block-spacer\"><\/div>\n\n\n\n<div class=\"wp-block-columns is-layout-flex wp-container-core-columns-is-layout-28f84493 wp-block-columns-is-layout-flex\">\n<div class=\"wp-block-column is-layout-flow wp-block-column-is-layout-flow\"><\/div>\n\n\n\n<div class=\"wp-block-column is-layout-flow wp-block-column-is-layout-flow\"><\/div>\n\n\n\n<div class=\"wp-block-column is-layout-flow wp-block-column-is-layout-flow\">\n<figure class=\"wp-block-image\"><a href=\"https:\/\/yarnfox.de\/en\/produkte\/yarnfoxplush\/#halsbaender\"><img loading=\"lazy\" decoding=\"async\" width=\"1024\" height=\"1024\" src=\"https:\/\/yarnfox.de\/wp-content\/uploads\/Halsband-blau-quadrat-1024x1024.jpg\" alt=\"\" class=\"wp-image-700\" srcset=\"https:\/\/yarnfox.de\/wp-content\/uploads\/Halsband-blau-quadrat-1024x1024.jpg 1024w, https:\/\/yarnfox.de\/wp-content\/uploads\/Halsband-blau-quadrat-300x300.jpg 300w, https:\/\/yarnfox.de\/wp-content\/uploads\/Halsband-blau-quadrat-150x150.jpg 150w, https:\/\/yarnfox.de\/wp-content\/uploads\/Halsband-blau-quadrat-768x768.jpg 768w, https:\/\/yarnfox.de\/wp-content\/uploads\/Halsband-blau-quadrat-1536x1536.jpg 1536w, https:\/\/yarnfox.de\/wp-content\/uploads\/Halsband-blau-quadrat-2048x2048.jpg 2048w, https:\/\/yarnfox.de\/wp-content\/uploads\/Halsband-blau-quadrat-12x12.jpg 12w\" sizes=\"auto, (max-width: 1024px) 100vw, 1024px\" \/><\/a><\/figure>\n\n\n\n<h2 class=\"wp-block-heading has-text-align-center\"><a href=\"https:\/\/yarnfox.de\/en\/produkte\/yarnfoxplush\/#halsbaender\">Collars for plushies<\/a><\/h2>\n<\/div>\n\n\n\n<div class=\"wp-block-column is-layout-flow wp-block-column-is-layout-flow\">\n<figure class=\"wp-block-image\"><a href=\"https:\/\/yarnfox.de\/en\/produkte\/yarnfoxplush\/#geschirre\"><img loading=\"lazy\" decoding=\"async\" width=\"1024\" height=\"1024\" src=\"https:\/\/yarnfox.de\/wp-content\/uploads\/Image_Editor-2-1024x1024.jpg\" alt=\"\" class=\"wp-image-699\" srcset=\"https:\/\/yarnfox.de\/wp-content\/uploads\/Image_Editor-2-1024x1024.jpg 1024w, https:\/\/yarnfox.de\/wp-content\/uploads\/Image_Editor-2-300x300.jpg 300w, https:\/\/yarnfox.de\/wp-content\/uploads\/Image_Editor-2-150x150.jpg 150w, https:\/\/yarnfox.de\/wp-content\/uploads\/Image_Editor-2-768x768.jpg 768w, https:\/\/yarnfox.de\/wp-content\/uploads\/Image_Editor-2-1536x1536.jpg 1536w, https:\/\/yarnfox.de\/wp-content\/uploads\/Image_Editor-2-2048x2048.jpg 2048w, https:\/\/yarnfox.de\/wp-content\/uploads\/Image_Editor-2-12x12.jpg 12w\" sizes=\"auto, (max-width: 1024px) 100vw, 1024px\" \/><\/a><\/figure>\n\n\n\n<h2 class=\"wp-block-heading has-text-align-center\"><a href=\"https:\/\/yarnfox.de\/en\/produkte\/yarnfoxplush\/#geschirre\">Harnesses for plushies<\/a><\/h2>\n<\/div>\n\n\n\n<div class=\"wp-block-column is-layout-flow wp-block-column-is-layout-flow\"><\/div>\n\n\n\n<div class=\"wp-block-column is-layout-flow wp-block-column-is-layout-flow\"><\/div>\n<\/div>\n\n\n\n<div style=\"height:25px\" aria-hidden=\"true\" class=\"wp-block-spacer\"><\/div>\n\n\n\n<hr class=\"wp-block-separator has-alpha-channel-opacity is-style-wide\"\/>\n\n\n\n<h2 class=\"wp-block-heading has-text-align-center\">Commissions<\/h2>\n\n\n\n<div style=\"height:25px\" aria-hidden=\"true\" class=\"wp-block-spacer\"><\/div>\n\n\n\n<div class=\"wp-block-columns is-layout-flex wp-container-core-columns-is-layout-28f84493 wp-block-columns-is-layout-flex\">\n<div class=\"wp-block-column is-layout-flow wp-block-column-is-layout-flow\"><\/div>\n\n\n\n<div class=\"wp-block-column is-layout-flow wp-block-column-is-layout-flow\"><\/div>\n\n\n\n<div class=\"wp-block-column is-layout-flow wp-block-column-is-layout-flow\">\n<figure class=\"wp-block-image\"><a href=\"https:\/\/yarnfox.de\/en\/commissions\/\"><img loading=\"lazy\" decoding=\"async\" width=\"1024\" height=\"1024\" src=\"https:\/\/yarnfox.de\/wp-content\/uploads\/Image_Editor-3-1024x1024.jpg\" alt=\"\" class=\"wp-image-702\" srcset=\"https:\/\/yarnfox.de\/wp-content\/uploads\/Image_Editor-3-1024x1024.jpg 1024w, https:\/\/yarnfox.de\/wp-content\/uploads\/Image_Editor-3-300x300.jpg 300w, https:\/\/yarnfox.de\/wp-content\/uploads\/Image_Editor-3-150x150.jpg 150w, https:\/\/yarnfox.de\/wp-content\/uploads\/Image_Editor-3-768x768.jpg 768w, https:\/\/yarnfox.de\/wp-content\/uploads\/Image_Editor-3-1536x1536.jpg 1536w, https:\/\/yarnfox.de\/wp-content\/uploads\/Image_Editor-3-2048x2048.jpg 2048w, https:\/\/yarnfox.de\/wp-content\/uploads\/Image_Editor-3-12x12.jpg 12w\" sizes=\"auto, (max-width: 1024px) 100vw, 1024px\" \/><\/a><\/figure>\n\n\n\n<h2 class=\"wp-block-heading has-text-align-center\"><a href=\"https:\/\/yarnfox.de\/en\/commissions\/\">Commissions<\/a><\/h2>\n<\/div>\n\n\n\n<div class=\"wp-block-column is-layout-flow wp-block-column-is-layout-flow\"><\/div>\n\n\n\n<div class=\"wp-block-column is-layout-flow wp-block-column-is-layout-flow\"><\/div>\n<\/div>","protected":false},"excerpt":{"rendered":"<p>YarnFox : Handgen\u00e4hte Kleidung f\u00fcr Adult Babys, Cubs und Kidfurs Schlafanz\u00fcge Einteiler T-Shirt-Bodys Langarm-Body Halst\u00fccher Hoodies Krabbeldecken Schlafs\u00e4cke YarnFoxPlush : Accessoires f\u00fcr Pl\u00fcschtiere Hals\u00adb\u00e4nder f\u00fcr Pl\u00fcsch\u00adtiere Geschirre f\u00fcr Pl\u00fcsch\u00adtiere Auftragsarbeiten Commissions<\/p>","protected":false},"author":1,"featured_media":0,"parent":0,"menu_order":0,"comment_status":"closed","ping_status":"closed","template":"","meta":{"inline_featured_image":false,"ngg_post_thumbnail":0,"footnotes":""},"class_list":["post-137","page","type-page","status-publish","hentry"],"_links":{"self":[{"href":"https:\/\/yarnfox.de\/en\/wp-json\/wp\/v2\/pages\/137","targetHints":{"allow":["GET"]}}],"collection":[{"href":"https:\/\/yarnfox.de\/en\/wp-json\/wp\/v2\/pages"}],"about":[{"href":"https:\/\/yarnfox.de\/en\/wp-json\/wp\/v2\/types\/page"}],"author":[{"embeddable":true,"href":"https:\/\/yarnfox.de\/en\/wp-json\/wp\/v2\/users\/1"}],"replies":[{"embeddable":true,"href":"https:\/\/yarnfox.de\/en\/wp-json\/wp\/v2\/comments?post=137"}],"version-history":[{"count":11,"href":"https:\/\/yarnfox.de\/en\/wp-json\/wp\/v2\/pages\/137\/revisions"}],"predecessor-version":[{"id":1194,"href":"https:\/\/yarnfox.de\/en\/wp-json\/wp\/v2\/pages\/137\/revisions\/1194"}],"wp:attachment":[{"href":"https:\/\/yarnfox.de\/en\/wp-json\/wp\/v2\/media?parent=137"}],"curies":[{"name":"wp","href":"https:\/\/api.w.org\/{rel}","templated":true}]}}